{"id":236,"date":"2020-06-23T22:34:41","date_gmt":"2020-06-23T20:34:41","guid":{"rendered":"http:\/\/www.gruene-ov-stuttgart.de\/weilimdorf\/?page_id=236"},"modified":"2024-11-21T23:50:03","modified_gmt":"2024-11-21T22:50:03","slug":"datenschutz","status":"publish","type":"page","link":"https:\/\/www.gruene-ov-stuttgart.de\/weilimdorf\/datenschutz\/","title":{"rendered":"Datenschutz"},"content":{"rendered":"\n<p>Datenschutzerkl\u00e4rung<br>Angaben gem\u00e4\u00df \u00a713 Telemediengesetz<br>Wir wissen, dass Sie dem Thema Datenschutz gro\u00dfe Bedeutung<br>beimessen. Deshalb ist uns der Schutz Ihrer pers\u00f6nlichen Daten ein<br>wichtiges Anliegen und wir behandeln Ihre personenbezogenen Daten<br>vertraulich und entsprechend der gesetzlichen Datenschutzvorschriften<br>(EU-Datenschutzverordnung, Telemediengesetz) sowie dieser<br>Datenschutzerkl\u00e4rung.<br>Eine Nutzung unserer Website ist grunds\u00e4tzlich ohne jede Angabe<br>personenbezogener Daten m\u00f6glich. Sofern Sie jedoch besondere<br>Services z.B. das Abonnement f\u00fcr den Newsletter \u00fcber unsere Website<br>in Anspruch nehmen m\u00f6chte, k\u00f6nnte eine Verarbeitung<br>personenbezogener Daten erforderlich werden. Die Verarbeitung<br>personenbezogener Daten (beispielsweise Namen, Anschrift, E-Mail-<br>Adresse oder Telefonnummer) erfolgt stets im Einklang mit der<br>Datenschutz-Grundverordnung und in \u00dcbereinstimmung mit den f\u00fcr<br>B\u00dcNDNIS 90 \/ DIE GR\u00dcNEN Kreisverband Stuttgart geltenden<br>landesspezifischen Datenschutzbestimmungen.<br>Mit dieser ausf\u00fchrlichen Datenschutzerkl\u00e4rung m\u00f6chten wir Sie \u00fcber Art,<br>Umfang und Zweck der von uns erhobenen, genutzten und<br>verarbeiteten personenbezogenen Daten informieren.<br>Wir setzen zahlreiche technische und organisatorische Ma\u00dfnahmen um,<br>um einen m\u00f6glichst l\u00fcckenlosen Schutz Ihrer, \u00fcber diese Website<br>verarbeiteten, personenbezogenen Daten sicherzustellen. Dennoch<br>k\u00f6nnen internetbasierte Daten\u00fcbertragungen grunds\u00e4tzlich<br>Sicherheitsl\u00fccken aufweisen, sodass ein absoluter Schutz nicht<br>gew\u00e4hrleistet werden kann. Aus diesem Grund steht es Ihnen jederzeit<br>frei, uns Ihre personenbezogenen Daten auch auf alternativen Wegen,<br>beispielsweise auch telefonisch, zu \u00fcbermitteln.<br>Datenverarbeitung<br>Unsere Website erfasst mit jedem Aufruf eine Reihe von allgemeinen<br>Daten und Informationen. Diese allgemeinen Daten und Informationen<br>werden in den Logfiles des Servers gespeichert.<br>Erfasst werden k\u00f6nnen (1) die verwendeten Browsertypen und<br>-versionen, (2) das verwendete Betriebssystem, (3) die Refferer URL<br>(die Internetseite, die zuvor besucht wurde), (4) Unterwebseiten,<br>welche \u00fcber ein zugreifendes System auf unserer Internetseite<br>angesteuert werden, (5) Datum und Uhrzeit des Zugriffs, (6) eine<br>Internet-Protokoll-Adresse (IP-Adresse \/ Hostname), (7) der Internet-<br>Service-Provider des zugreifenden Systems und (8) sonstige \u00e4hnliche<br>Daten und Informationen, die der Gefahrenabwehr im Falle von<br>Angriffen auf unsere informationstechnologischen Systeme dienen.<br>Bei der Nutzung dieser allgemeinen Daten und Informationen ziehen wir<br>keine R\u00fcckschl\u00fcsse auf Personen. Die \u00fcber die Website anonym<br>erhobenen Daten werden statistisch und mit dem Ziel ausgewertet, den<br>Datenschutz und die Datensicherheit zu erh\u00f6hen, um ein optimales<br>Schutzniveau f\u00fcr die von uns verarbeiteten personenbezogenen Daten<br>sicherzustellen. Dar\u00fcber hinaus werden diese anonymen Daten der<br>Server-Logfiles getrennt von allen angegebenen personenbezogenen<br>Daten gespeichert und zudem in zyklischen Abst\u00e4nden gel\u00f6scht.<br>Cookies<br>Unsere Website verwendet so genannte \u201eCookies\u201c. Cookies sind<br>Textdateien, die \u00fcber einen Internetbrowser auf einem Computersystem<br>abgelegt und gespeichert werden und mit deren Hilfe Informationen aus<br>einer Website an Ihre Bed\u00fcrfnisse angepasst werden k\u00f6nnen. Diese<br>dienen dem Zweck Websites komfortabel, effektiv und sicher zu<br>machen. Ein Cookie ist ein Datenelement, das eine Website an Ihren<br>Browser schicken kann, um es dort auf Ihrem System zu speichern.<br>Gelegentlich nutzen auch wir tempor\u00e4re Cookies, damit wir Sie<br>effektiver unterst\u00fctzen k\u00f6nnen, wenn Sie auf unsere Website<br>zur\u00fcckkommen. Sie haben jedoch die M\u00f6glichkeit, Ihren Browser so<br>einzustellen, dass er Sie davon in Kenntnis setzt, wenn Sie ein Cookie<br>erhalten. Dann k\u00f6nnen Sie selbst entscheiden, ob Sie das akzeptieren<br>oder der Setzung von Cookies dauerhaft widersprechen. Ferner k\u00f6nnen<br>bereits gesetzte Cookies jederzeit \u00fcber einen Internetbrowser oder<br>andere Softwareprogramme gel\u00f6scht werden. Deaktivieren Sie die<br>Setzung von Cookies, sind unter Umst\u00e4nden nicht alle Funktionen<br>unserer Internetseite vollumf\u00e4nglich nutzbar.<br>Netscape, Mozilla, Firefox: ->Bearbeiten ->Einstellungen ->Erweitert<br>->Cookies<br>Explorer: ->Ansicht ->Internetoptionen ->Erweitert ->CookiesNetscape,<br>Mozilla, Firefox: ->Bearbeiten ->Einstellungen ->Erweitert ->Cookies<br>Explorer: ->Ansicht ->Internetoptionen ->Erweitert ->Cookies<br>Auf dieser Website ist die Komponente Matomo (150 Willis St, 6011<br>Wellington, New Zealand; vormals: Piwik150 Willis St, 6011 Wellington,<br>New Zealand; vormals: Piwik) integriert. Matomo ist ein Open-Source-<br>Softwaretool zur Web-Analyse. Web-Analyse ist die Erhebung,<br>Sammlung und Auswertung von Daten \u00fcber das Verhalten von<br>Besuchern von Internetseiten. Ein Web-Analyse-Tool erfasst unter<br>anderem Daten dar\u00fcber, von welcher Internetseite eine betroffene<br>Person auf eine Internetseite gekommen ist (sogenannter Referrer), auf<br>welche Unterseiten der Internetseite zugegriffen oder wie oft und f\u00fcr<br>welche Verweildauer eine Unterseite betrachtet wurde. Eine Web-<br>Analyse wird \u00fcberwiegend zur Optimierung einer Internetseite und zur<br>Kosten-Nutzen-Analyse von Internetwerbung eingesetzt. Die Software<br>wird auf unserem Server betrieben, die datenschutzrechtlich sensiblen<br>Logdateien werden ausschlie\u00dflich auf diesem Server gespeichert. Der<br>Zweck der Matomo-Komponente ist die Analyse der Besucherstr\u00f6me<br>auf unserer Internetseite.<br>Matomo setzt ein Cookie auf dem informationstechnologischen System<br>der betroffenen Person. Was Cookies sind, wurde oben bereits erl\u00e4utert.<br>Mit der Setzung des Cookies wird uns eine Analyse der Benutzung<br>unserer Internetseite erm\u00f6glicht. Durch jeden Aufruf einer der<br>Einzelseiten dieser Internetseite wird der Internetbrowser auf dem<br>informationstechnologischen System der betroffenen Person<br>automatisch durch die Matomo-Komponente veranlasst, Daten zum<br>Zwecke der Online-Analyse an unseren Server zu \u00fcbermitteln. Im<br>Rahmen dieses technischen Verfahrens erhalten wir Kenntnis \u00fcber<br>personenbezogene Daten, wie Ihrer IP-Adresse, die uns unter anderem<br>dazu dient, die Herkunft der Besucher und Klicks nachzuvollziehen.<br>Mittels Cookies werden personenbezogene Informationen,<br>beispielsweise die Zugriffszeit, der Ort, von welchem ein Zugriff ausging<br>und die H\u00e4ufigkeit der Besuche auf unserer Internetseite gespeichert.<br>Bei jedem Besuch unserer Internetseiten werden diese<br>personenbezogenen Daten, einschlie\u00dflich der IP-Adresse des von der<br>betroffenen Person genutzten Internetanschlusses, an unseren Server<br>\u00fcbertragen. Diese personenbezogenen Daten werden durch uns<br>gespeichert. Wir geben diese personenbezogenen Daten nicht an Dritte<br>weiter. Die k\u00f6nnen die Setzung von Cookies durch unsere Internetseite,<br>wie oben bereits dargestellt, jederzeit mittels einer entsprechenden<br>Einstellung des genutzten Internetbrowsers verhindern und damit der<br>Setzung von Cookies dauerhaft widersprechen. Eine solche Einstellung<br>des genutzten Internetbrowsers w\u00fcrde auch verhindern, dass Matomo<br>ein Cookie auf dem informationstechnologischen System der<br>betroffenen Person setzt. Zudem kann ein von Matomo bereits gesetzter<br>Cookie jederzeit \u00fcber einen Internetbrowser oder andere<br>Softwareprogramme gel\u00f6scht werden. Ferner besteht f\u00fcr Sie die<br>M\u00f6glichkeit, dieser Erfassung zu widersprechen und eine solche zu<br>verhindern. Hierzu m\u00fcssen Sie in Ihrem Browser &#8222;Do Not Track&#8220;<br>einstellen. Mit der Setzung des Opt-Out-Cookies besteht jedoch die<br>M\u00f6glichkeit, dass unsere Internetseiten f\u00fcr Sie nicht mehr vollumf\u00e4nglich<br>nutzbar sind. Weitere Informationen und die geltenden<br>Datenschutzbestimmungen von Matomo k\u00f6nnen unter https:\/\/<br>matomo.org\/privacy\/ abgerufen werden.<br>Registrierung auf unserer Website<br>Auf unserer Website haben Sie die M\u00f6glichkeit, sich z.B. f\u00fcr den<br>Newsletter Versand unter Angabe von personenbezogenen Daten zu<br>registrieren.<br>Welche personenbezogenen Daten dabei an uns \u00fcbermittelt werden,<br>ergibt sich aus der jeweiligen Eingabemaske, die f\u00fcr die Registrierung<br>verwendet wird. Personenbezogenen Daten werden ausschlie\u00dflich f\u00fcr<br>die interne Verwendung und f\u00fcr eigene Zwecke erhoben und<br>gespeichert. Eine Weitergabe dieser Daten an Dritte erfolgt<br>grunds\u00e4tzlich nicht, sofern keine gesetzliche Pflicht zur Weitergabe<br>besteht oder die Weitergabe der Strafverfolgung dient.<br>Die Registrierung dient uns dazu, Ihnen Inhalte oder Leistungen<br>anzubieten, die aufgrund der Natur der Sache nur registrierten<br>Benutzern angeboten werden k\u00f6nnen. Es steht Ihnen jederzeit die<br>M\u00f6glichkeit frei, Ihre personenbezogenen Daten abzu\u00e4ndern oder<br>vollst\u00e4ndig aus unserem Datenbestand l\u00f6schen zu lassen. Wir erteilen<br>Ihnen jederzeit auf Anfrage Auskunft dar\u00fcber, welche<br>personenbezogenen Daten bei uns gespeichert sind. Ferner berichtigen<br>oder l\u00f6schen wir Ihre Daten auf Ihren Wunsch oder Hinweis, soweit dem<br>keine gesetzlichen Aufbewahrungspflichten entgegenstehen.<br>Diese Website nutzt aus Gr\u00fcnden der Sicherheit und zum Schutz der<br>\u00dcbertragung vertrauliche Inhalte, wie zum Beispiel der Anfragen, die Sie<br>an uns senden, eine SSL-Verschl\u00fcsselung. Eine verschl\u00fcsselte<br>Verbindung erkennen Sie daran, dass die Adresszeile des Browsers von<br>\u201ehttp.\/\/\u201c auf \u201e\u201ehttps.\/\/\u201c wechselt und an dem Schloss-Symbol in der<br>Browserzeile. Wenn die SSL-Verschl\u00fcsselung aktiviert ist, k\u00f6nnen die<br>Daten, die Sie an uns \u00fcbermitteln, nicht von Dritten mitgelesen werden.<br>Abonnement unseres Newsletters<br>Auf unserer Website k\u00f6nnen Sie auch unseren Newsletter abonnieren.<br>Welche personenbezogenen Daten bei der Bestellung des Newsletters<br>an uns \u00fcbermittelt werden, ergibt sich aus der hierzu verwendeten<br>Eingabemaske. Die Angabe Ihres Namens ist optional und ist lediglich<br>f\u00fcr eine korrekte Anrede notwendig. In regelm\u00e4\u00dfigen Abst\u00e4nden<br>informieren wir mit einem Newsletter \u00fcber Aktuelles. Dieser kann<br>grunds\u00e4tzlich nur dann empfangen werden, wenn (1) Sie \u00fcber eine<br>g\u00fcltige E-Mail-Adresse verf\u00fcgen und (2) Sie sich f\u00fcr den Newsletter-<br>Versand registrieren lassen.<br>Die in diesem Rahmen erhobenen personenbezogenen Daten werden<br>ausschlie\u00dflich zum Versand unseres Newsletters verwendet.<br>Ferner k\u00f6nnten Abonnenten des Newsletters per E-Mail informiert<br>werden, sofern dies f\u00fcr den Betrieb des Newsletter-Dienstes oder eine<br>diesbez\u00fcgliche Registrierung erforderlich ist, wie dies im Falle von<br>\u00c4nderungen am Newsletter -Angebot oder bei der Ver\u00e4nderung der<br>technischen Gegebenheiten der Fall sein k\u00f6nnte.<br>Es erfolgt keine Weitergabe Ihrer Daten an Dritte. Ihre Einwilligung zur<br>Speicherung von personenbezogenen Daten, der Email-Adresse sowie<br>deren Nutzung zum Versand des Newsletters k\u00f6nnen Sie jederzeit<br>widerrufen. Zum Zwecke des Widerrufs der Einwilligung findet sich in<br>jedem Newsletter ein entsprechender Link. Ferner haben Sie die<br>M\u00f6glichkeit sich jederzeit auch \u00fcber unsere Website vom Newsletter-<br>Versand abzumelden oder uns dies auf andere Weise z.B. pers\u00f6nlich<br>mitzuteilen.<br>Kontaktm\u00f6glichkeit \u00fcber die Website<br>Unsere Website enth\u00e4lt aufgrund von gesetzlichen Vorschriften<br>Angaben, die eine schnelle elektronische Kontaktaufnahme zu uns<br>sowie eine unmittelbare Kommunikation erm\u00f6glichen, was ebenfalls<br>eine allgemeine Adresse der sogenannten elektronischen Post (E-Mail-<br>Adresse) umfasst.<br>Sofern Sie per E-Mail oder \u00fcber ein Kontaktformular den Kontakt mit<br>uns aufnehmen, werden die von Ihnen \u00fcbermittelten<br>personenbezogenen Daten automatisch gespeichert und wir verwenden<br>diese ausschlie\u00dflich zur Beantwortung Ihres Anliegens. Diese Daten<br>werden, sofern dem keine gesetzliche Aufbewahrungsfristen<br>entgegenstehen, nach Abschluss Ihres Anliegens umgehend gel\u00f6scht.<br>Es erfolgt keine Weitergabe dieser Daten an Dritte.<br>Rechte auf Auskunft, L\u00f6schen, Sperren und Berichtigen<br>Sie haben jederzeit das Recht auf Auskunft \u00fcber Ihre<br>personenbezogene Daten, deren Herkunft und Empf\u00e4nger, sowie die<br>Verarbeitung und Zweck der Speicherung.<br>Auskunft \u00fcber Ihre personenbezogenen gespeicherten Daten<br>bekommen Sie<br>\u00fcber unsere verantwortliche Stelle<br>B\u00dcNDNIS 90 \/ DIE GR\u00dcNEN Kreisverband Stuttgart<br>K\u00f6nigstr. 78<br>70173 Stuttgart<br>Tel.: 0711- 615 95 01<br>Fax 0711-6159503<br>E-Mail: info(at)gruene-stuttgart.de<br>Website: www.gruene-stuttgart.de<br>Selbstverst\u00e4ndlich k\u00f6nnen Sie Ihre personenbezogenen Daten l\u00f6schen<br>lassen, sofern diese keiner gesetzlichen Aufbewahrungsfrist<br>entgegenstehen oder die L\u00f6schung in einem unverh\u00e4ltnism\u00e4\u00dfig hohen<br>Aufwand stehen, tritt im Sinne des Datenschutzrechts eine Sperrung der<br>Daten in Kraft. Diese verhindert die weitere Verwendung durch uns.<br>Bei fehlerhaften Daten k\u00f6nnen Sie diese selbstverst\u00e4ndlich jederzeit<br>berichtigen lassen.<br>Wenn Sie glauben, dass die Verarbeitung Ihrer Daten gegen das<br>Datenschutzrecht verst\u00f6\u00dft oder Ihre datenschutzrechtlichen Anspr\u00fcche<br>sonst in einer Weise verletzt worden sind, k\u00f6nnen Sie sich bei der<br>Aufsichtsbeh\u00f6rde beschweren. In Deutschland sind dies die<br>jeweiligen Landesdatenschutzbeauftragten.<br>Datenschutz bei Bewerbungen<br>\u00dcber unsere Website schreiben wir aktuelle zu besetzende Stellen aus.<br>Wir freuen uns \u00fcber Ihre Bewerbungen. Bitte beachten Sie hierbei den<br>unvollst\u00e4ndigen Schutz Ihrer Daten via Email und \u00fcbermitteln Sie uns<br>sensible Daten bitte immer \u00fcber den Postweg oder mittels<br>Verschl\u00fcsselungen. Wir erheben und verarbeiten Ihre Daten zum<br>Zwecke der Abwicklung des Bewerbungsverfahrens. Nach der<br>Stellenbesetzung und Ablauf der gesetzlichen Frist zur Abwehr von<br>Rechtsstreitigkeiten werden Ihre Unterlagen aus unserem System<br>gel\u00f6scht, sofern einer L\u00f6schung keine sonstigen berechtigten<br>Interessen entgegenstehen, z.B. im Sinne von einer Beweispflicht in<br>einem Verfahren nach dem Allgemeinen Gleichbehandlungsgesetz<br>(AGG).<br>Links zu anderen Websites<br>Sie finden auf unserer Website auch Links zu anderen Seiten im<br>Internet. F\u00fcr alle diese Links und Banner gilt, dass wir keinerlei Einfluss<br>auf die Gestaltung und die Inhalte der gelinkten Seiten haben.<br>Deswegen \u00fcbernehmen wir auch keinerlei Verantwortung f\u00fcr Inhalt,<br>Gestaltung und die Datenschutzbestimmungen dieser Seiten.<br>Bei der Verlinkung zu sozialen Netzwerken werden keinerlei<br>personenbezogene Daten \u00fcbertragen.<br>Einbindung von Google Maps<br>Unsere Website verwendet Google Maps API, um geographische<br>Informationen visuell darzustellen. Dar\u00fcber sammelt Google auch Daten<br>\u00fcber die Besucher der Webseite, die anschlie\u00dfend verarbeitet und<br>genutzt werden.<br>Weitere Informationen \u00fcber die Datenverarbeitung sind in den Google-<br>Datenschutzhinweisen beschrieben: www.google.com\/intl\/de\/policies\/<br>privacy\/. Im Google-Datenschutzcenter k\u00f6nnen pers\u00f6nliche<br>Einstellungen ge\u00e4ndert und angepasst werden. Weitere Anleitungen zur<br>Verwaltung der pers\u00f6nlichen Daten bei Verwendung von Google-<br>Produkten gibt es auf der von Google betriebenen Webseite http:\/\/<br>www.dataliberation.org\/<br>Einbindung von Videos<br>Unsere Website verwendet eingebundene YouTube-Videos. Dadurch<br>werden schon bei Aufruf der Webseite Cookies auf dem System der<br>Nutzer<em>innen abgelegt. Um dies zu verhindern, muss das in den Browser-Einstellungen blockiert werden. Weitere Informationen zur Datenverarbeitung und Hinweise zum Datenschutz durch YouTube (Google) finden Sie unter www.google.de\/ intl\/de\/policies\/privacy\/. Dar\u00fcber hinaus verwenden wir auch eingebundene Vimeo-Videos. Dadurch werden schon bei Aufruf der Seite Cookies auf dem System der Nutzer<\/em>nnen abgelegt. Um dies zu verhindern, muss das in den<br>Browser-Einstellungen blockiert werden.<br>Weitere Informationen zur Datenverarbeitung und Hinweise zum<br>Datenschutz durch Vimeo finden Sie unter https:\/\/vimeo.com\/privacy.<br>Verwendung von Social-Media-Buttons mit Datenschutz (Shariff) f\u00fcr<br>Facebook, Instagram und Twitter<br>Auf den Websites von B\u00dcNDNIS 90 \/ DIE GR\u00dcNEN Kreisverband<br>Stuttgart werden sogenannte Social-Media-Buttons f\u00fcr das Teilen von<br>Inhalten auf Facebook, Instagram und Twitter verwendet. Diese Buttons<br>tauchen u.a. unterhalb von Artikeln auf und k\u00f6nnen zum Empfehlen<br>einzelner Artikel in den sozialen Medien genutzt werden. Die Buttons<br>werden auch zur Aktivierung der Darstellung von Facebook-, Instagram<br>und Twitter-Feeds verwendet und sind u.a. mit \u201eMit Facebook verbinden\u201c<br>sowie \u201eMit Twitter verbinden\u201c gekennzeichnet. Sobald diese Buttons<br>aktiviert werden, wird eine Verbindung zu den Servern von Facebook<br>oder Twitter hergestellt und Nutzerdaten werden an die externen Server<br>\u00fcbermittelt.<br>Weitere Informationen zur Initiative von heise.de f\u00fcr eine 2-Klick-<br>Methode namens &#8222;Shariff&#8220;<br>Weitere Informationen und Details zur Datenverarbeitung sowie<br>Hinweise zum Datenschutz bei facebook, twitter und Instagram finden<br>Sie bei den hinterlegten Links der jeweiligen sozialen Netzwerke.<br>Ihr Kontakt zu uns<br>B\u00dcNDNIS 90\/DIE GR\u00dcNEN Kreisverband Stuttgart<br>Vertretungsberechtigter: Mark Breitenb\u00fccher<br>K\u00f6nigstra\u00dfe 78<br>70173 Stuttgart<br>Tel. 0711-6159501<br>Fax 0711-6159503<br>E-Mail: info(at)gruene-stuttgart.de<br>www.gruene-stuttgart.de<br>Quellenverweis: Website Datenschutzerkl\u00e4rung &#8211; Generator<br>dsgvo-muster-datenschutzerklaerung.dg-datenschutz.de\/\u00a0<br>DGD Deutsche Gesellschaft f\u00fcr Datenschutz GmbH Robert-Bosch-<br>Stra\u00dfe 11, 85221 Dachau<br>Stuttgart, 19.05.2018<\/p>\n","protected":false},"excerpt":{"rendered":"<p>Datenschutzerkl\u00e4rungAngaben gem\u00e4\u00df \u00a713 TelemediengesetzWir wissen, dass Sie dem Thema Datenschutz gro\u00dfe Bedeutungbeimessen. Deshalb ist uns der Schutz Ihrer pers\u00f6nlichen Daten einwichtiges Anliegen und wir behandeln Ihre personenbezogenen Datenvertraulich und entsprechend [&hellip;]<\/p>\n","protected":false},"author":2,"featured_media":0,"parent":0,"menu_order":11,"comment_status":"closed","ping_status":"closed","template":"","meta":{"footnotes":""},"class_list":["post-236","page","type-page","status-publish","hentry"],"_links":{"self":[{"href":"https:\/\/www.gruene-ov-stuttgart.de\/weilimdorf\/wp-json\/wp\/v2\/pages\/236","targetHints":{"allow":["GET"]}}],"collection":[{"href":"https:\/\/www.gruene-ov-stuttgart.de\/weilimdorf\/wp-json\/wp\/v2\/pages"}],"about":[{"href":"https:\/\/www.gruene-ov-stuttgart.de\/weilimdorf\/wp-json\/wp\/v2\/types\/page"}],"author":[{"embeddable":true,"href":"https:\/\/www.gruene-ov-stuttgart.de\/weilimdorf\/wp-json\/wp\/v2\/users\/2"}],"replies":[{"embeddable":true,"href":"https:\/\/www.gruene-ov-stuttgart.de\/weilimdorf\/wp-json\/wp\/v2\/comments?post=236"}],"version-history":[{"count":3,"href":"https:\/\/www.gruene-ov-stuttgart.de\/weilimdorf\/wp-json\/wp\/v2\/pages\/236\/revisions"}],"predecessor-version":[{"id":3656,"href":"https:\/\/www.gruene-ov-stuttgart.de\/weilimdorf\/wp-json\/wp\/v2\/pages\/236\/revisions\/3656"}],"wp:attachment":[{"href":"https:\/\/www.gruene-ov-stuttgart.de\/weilimdorf\/wp-json\/wp\/v2\/media?parent=236"}],"curies":[{"name":"wp","href":"https:\/\/api.w.org\/{rel}","templated":true}]}}