{"id":30,"date":"2020-06-12T18:43:13","date_gmt":"2020-06-12T16:43:13","guid":{"rendered":"http:\/\/www.gruene-ov-stuttgart.de\/weilimdorf\/?page_id=30"},"modified":"2026-04-12T13:42:50","modified_gmt":"2026-04-12T11:42:50","slug":"impulse","status":"publish","type":"page","link":"https:\/\/www.gruene-ov-stuttgart.de\/weilimdorf\/impulse\/","title":{"rendered":"Impulse"},"content":{"rendered":"\n<p>Zur Gr\u00fcnen-DNA geh\u00f6ren die Energie- und Verkehrspolitik. Deshalb ist unser Ortsverband im regen Austausch mit der &#8222;Energieoffensive Weilimdorf&#8220; und der &#8222;Radoffensive Weilimdorf&#8220; &#8211; wir verstehen uns als gegenseitige Impulsgeber. <\/p>\n\n\n\n<p>Hier die entsprechenden Links:<\/p>\n\n\n\n<p><a href=\"http:\/\/energieoffensive-weilimdorf.de\">http:\/\/energieoffensive-weilimdorf.de<\/a><\/p>\n\n\n\n<p><a href=\"https:\/\/www.stuttgart.de\/leben\/mobilitaet\/fahrrad\/rad-und-partner.php\">https:\/\/www.stuttgart.de\/leben\/mobilitaet\/fahrrad\/rad-und-partner.php<\/a><\/p>\n\n\n\n<div style=\"height:35px\" aria-hidden=\"true\" class=\"wp-block-spacer\"><\/div>\n\n\n\n<p><\/p>\n\n\n\n<p><\/p>\n\n\n\n<h2 class=\"wp-block-heading\">12.10.2025<\/h2>\n\n\n\n<figure class=\"wp-block-gallery has-nested-images columns-default is-cropped wp-block-gallery-1 is-layout-flex wp-block-gallery-is-layout-flex\">\n<figure class=\"wp-block-image size-large\"><img loading=\"lazy\" decoding=\"async\" width=\"800\" height=\"1000\" data-id=\"4112\" src=\"https:\/\/www.gruene-ov-stuttgart.de\/weilimdorf\/wp-content\/uploads\/2025\/11\/03E0918F-109A-42CD-AB6F-D65971E7A52E-800x1000.jpeg\" alt=\"\" class=\"wp-image-4112\" srcset=\"https:\/\/www.gruene-ov-stuttgart.de\/weilimdorf\/wp-content\/uploads\/2025\/11\/03E0918F-109A-42CD-AB6F-D65971E7A52E-800x1000.jpeg 800w, https:\/\/www.gruene-ov-stuttgart.de\/weilimdorf\/wp-content\/uploads\/2025\/11\/03E0918F-109A-42CD-AB6F-D65971E7A52E-400x500.jpeg 400w, https:\/\/www.gruene-ov-stuttgart.de\/weilimdorf\/wp-content\/uploads\/2025\/11\/03E0918F-109A-42CD-AB6F-D65971E7A52E-768x960.jpeg 768w, https:\/\/www.gruene-ov-stuttgart.de\/weilimdorf\/wp-content\/uploads\/2025\/11\/03E0918F-109A-42CD-AB6F-D65971E7A52E.jpeg 1081w\" sizes=\"auto, (max-width: 800px) 100vw, 800px\" \/><\/figure>\n\n\n\n<figure class=\"wp-block-image size-large\"><img loading=\"lazy\" decoding=\"async\" width=\"800\" height=\"998\" data-id=\"4111\" src=\"https:\/\/www.gruene-ov-stuttgart.de\/weilimdorf\/wp-content\/uploads\/2025\/11\/90CDA010-CF47-4289-A53E-084759FDD4B8-800x998.jpeg\" alt=\"\" class=\"wp-image-4111\" srcset=\"https:\/\/www.gruene-ov-stuttgart.de\/weilimdorf\/wp-content\/uploads\/2025\/11\/90CDA010-CF47-4289-A53E-084759FDD4B8-800x998.jpeg 800w, https:\/\/www.gruene-ov-stuttgart.de\/weilimdorf\/wp-content\/uploads\/2025\/11\/90CDA010-CF47-4289-A53E-084759FDD4B8-400x499.jpeg 400w, https:\/\/www.gruene-ov-stuttgart.de\/weilimdorf\/wp-content\/uploads\/2025\/11\/90CDA010-CF47-4289-A53E-084759FDD4B8-768x958.jpeg 768w, https:\/\/www.gruene-ov-stuttgart.de\/weilimdorf\/wp-content\/uploads\/2025\/11\/90CDA010-CF47-4289-A53E-084759FDD4B8.jpeg 1125w\" sizes=\"auto, (max-width: 800px) 100vw, 800px\" \/><\/figure>\n<\/figure>\n\n\n\n<div style=\"height:70px\" aria-hidden=\"true\" class=\"wp-block-spacer\"><\/div>\n\n\n\n<h2 class=\"wp-block-heading\">08.10.2023<\/h2>\n\n\n\n<figure class=\"wp-block-image size-large\"><img loading=\"lazy\" decoding=\"async\" width=\"800\" height=\"1101\" src=\"https:\/\/www.gruene-ov-stuttgart.de\/weilimdorf\/wp-content\/uploads\/2023\/11\/5824EFE5-F3CD-41F6-8F71-1F848F6AD8E1-800x1101.jpeg\" alt=\"\" class=\"wp-image-2957\" srcset=\"https:\/\/www.gruene-ov-stuttgart.de\/weilimdorf\/wp-content\/uploads\/2023\/11\/5824EFE5-F3CD-41F6-8F71-1F848F6AD8E1-800x1101.jpeg 800w, https:\/\/www.gruene-ov-stuttgart.de\/weilimdorf\/wp-content\/uploads\/2023\/11\/5824EFE5-F3CD-41F6-8F71-1F848F6AD8E1-400x551.jpeg 400w, https:\/\/www.gruene-ov-stuttgart.de\/weilimdorf\/wp-content\/uploads\/2023\/11\/5824EFE5-F3CD-41F6-8F71-1F848F6AD8E1-768x1057.jpeg 768w, https:\/\/www.gruene-ov-stuttgart.de\/weilimdorf\/wp-content\/uploads\/2023\/11\/5824EFE5-F3CD-41F6-8F71-1F848F6AD8E1-1116x1536.jpeg 1116w, https:\/\/www.gruene-ov-stuttgart.de\/weilimdorf\/wp-content\/uploads\/2023\/11\/5824EFE5-F3CD-41F6-8F71-1F848F6AD8E1-109x150.jpeg 109w, https:\/\/www.gruene-ov-stuttgart.de\/weilimdorf\/wp-content\/uploads\/2023\/11\/5824EFE5-F3CD-41F6-8F71-1F848F6AD8E1.jpeg 1370w\" sizes=\"auto, (max-width: 800px) 100vw, 800px\" \/><\/figure>\n\n\n\n<div style=\"height:40px\" aria-hidden=\"true\" class=\"wp-block-spacer\"><\/div>\n\n\n\n<h2 class=\"wp-block-heading\">15.07.2023<\/h2>\n\n\n\n<figure class=\"wp-block-image size-large is-resized\"><img loading=\"lazy\" decoding=\"async\" width=\"800\" height=\"1164\" src=\"https:\/\/www.gruene-ov-stuttgart.de\/weilimdorf\/wp-content\/uploads\/2023\/07\/C85D3B60-FC98-450E-9AE8-508484AE4E8C-800x1164.jpeg\" alt=\"\" class=\"wp-image-2902\" style=\"width:840px;height:1222px\" srcset=\"https:\/\/www.gruene-ov-stuttgart.de\/weilimdorf\/wp-content\/uploads\/2023\/07\/C85D3B60-FC98-450E-9AE8-508484AE4E8C-800x1164.jpeg 800w, https:\/\/www.gruene-ov-stuttgart.de\/weilimdorf\/wp-content\/uploads\/2023\/07\/C85D3B60-FC98-450E-9AE8-508484AE4E8C-400x582.jpeg 400w, https:\/\/www.gruene-ov-stuttgart.de\/weilimdorf\/wp-content\/uploads\/2023\/07\/C85D3B60-FC98-450E-9AE8-508484AE4E8C-768x1117.jpeg 768w, https:\/\/www.gruene-ov-stuttgart.de\/weilimdorf\/wp-content\/uploads\/2023\/07\/C85D3B60-FC98-450E-9AE8-508484AE4E8C-103x150.jpeg 103w, https:\/\/www.gruene-ov-stuttgart.de\/weilimdorf\/wp-content\/uploads\/2023\/07\/C85D3B60-FC98-450E-9AE8-508484AE4E8C.jpeg 877w\" sizes=\"auto, (max-width: 800px) 100vw, 800px\" \/><\/figure>\n\n\n\n<div style=\"height:40px\" aria-hidden=\"true\" class=\"wp-block-spacer\"><\/div>\n\n\n\n<h2 class=\"wp-block-heading\">12.04.2023<\/h2>\n\n\n\n<p><strong>Mapathon f\u00fcr Weilimdorf<\/strong><\/p>\n\n\n\n<p>Er hat nun die Phase \u00f6ffentlicher Beteiligung erreicht. Unser OV sieht im Mapathon eine f\u00fcr Weilimdorf wichtige Arbeit des ADFC Stuttgart; Karten und Legenden sind per Link zu finden:  <a href=\"https:\/\/stuttgart.adfc.de\/neuigkeit\/mapathon-fuer-weilimdorf-1\">https:\/\/stuttgart.adfc.de\/neuigkeit\/mapathon-fuer-weilimdorf-1<\/a><\/p>\n\n\n\n<div style=\"height:50px\" aria-hidden=\"true\" class=\"wp-block-spacer\"><\/div>\n\n\n\n<h2 class=\"wp-block-heading has-vivid-green-cyan-color has-text-color\">16.02.2023<\/h2>\n\n\n\n<figure class=\"wp-block-image size-large is-resized\"><img loading=\"lazy\" decoding=\"async\" width=\"800\" height=\"1066\" src=\"https:\/\/www.gruene-ov-stuttgart.de\/weilimdorf\/wp-content\/uploads\/2023\/02\/9F6C2C59-2EBE-414A-8AB9-9E30D809225F-1-800x1066.jpeg\" alt=\"\" class=\"wp-image-2701\" style=\"width:880px;height:1172px\" srcset=\"https:\/\/www.gruene-ov-stuttgart.de\/weilimdorf\/wp-content\/uploads\/2023\/02\/9F6C2C59-2EBE-414A-8AB9-9E30D809225F-1-800x1066.jpeg 800w, https:\/\/www.gruene-ov-stuttgart.de\/weilimdorf\/wp-content\/uploads\/2023\/02\/9F6C2C59-2EBE-414A-8AB9-9E30D809225F-1-400x533.jpeg 400w, https:\/\/www.gruene-ov-stuttgart.de\/weilimdorf\/wp-content\/uploads\/2023\/02\/9F6C2C59-2EBE-414A-8AB9-9E30D809225F-1-768x1024.jpeg 768w, https:\/\/www.gruene-ov-stuttgart.de\/weilimdorf\/wp-content\/uploads\/2023\/02\/9F6C2C59-2EBE-414A-8AB9-9E30D809225F-1-1152x1536.jpeg 1152w, https:\/\/www.gruene-ov-stuttgart.de\/weilimdorf\/wp-content\/uploads\/2023\/02\/9F6C2C59-2EBE-414A-8AB9-9E30D809225F-1-113x150.jpeg 113w, https:\/\/www.gruene-ov-stuttgart.de\/weilimdorf\/wp-content\/uploads\/2023\/02\/9F6C2C59-2EBE-414A-8AB9-9E30D809225F-1.jpeg 1220w\" sizes=\"auto, (max-width: 800px) 100vw, 800px\" \/><\/figure>\n\n\n\n<div style=\"height:50px\" aria-hidden=\"true\" class=\"wp-block-spacer\"><\/div>\n\n\n\n<h2 class=\"wp-block-heading has-vivid-green-cyan-color has-text-color\">18.09.2022<\/h2>\n\n\n\n<figure class=\"wp-block-image size-large is-resized\"><img loading=\"lazy\" decoding=\"async\" width=\"800\" height=\"1138\" src=\"https:\/\/www.gruene-ov-stuttgart.de\/weilimdorf\/wp-content\/uploads\/2022\/09\/5F6444F9-E3F1-41C9-B1C2-29753366554C-800x1138.jpeg\" alt=\"\" class=\"wp-image-2574\" style=\"width:839px;height:1193px\" srcset=\"https:\/\/www.gruene-ov-stuttgart.de\/weilimdorf\/wp-content\/uploads\/2022\/09\/5F6444F9-E3F1-41C9-B1C2-29753366554C-800x1138.jpeg 800w, https:\/\/www.gruene-ov-stuttgart.de\/weilimdorf\/wp-content\/uploads\/2022\/09\/5F6444F9-E3F1-41C9-B1C2-29753366554C-400x569.jpeg 400w, https:\/\/www.gruene-ov-stuttgart.de\/weilimdorf\/wp-content\/uploads\/2022\/09\/5F6444F9-E3F1-41C9-B1C2-29753366554C-768x1093.jpeg 768w, https:\/\/www.gruene-ov-stuttgart.de\/weilimdorf\/wp-content\/uploads\/2022\/09\/5F6444F9-E3F1-41C9-B1C2-29753366554C-1079x1536.jpeg 1079w, https:\/\/www.gruene-ov-stuttgart.de\/weilimdorf\/wp-content\/uploads\/2022\/09\/5F6444F9-E3F1-41C9-B1C2-29753366554C-105x150.jpeg 105w, https:\/\/www.gruene-ov-stuttgart.de\/weilimdorf\/wp-content\/uploads\/2022\/09\/5F6444F9-E3F1-41C9-B1C2-29753366554C.jpeg 1227w\" sizes=\"auto, (max-width: 800px) 100vw, 800px\" \/><\/figure>\n\n\n\n<p>Die Route mit Polizeigeleit f\u00fchrt vom L\u00f6wenmarkt am Lindenbachsee vorbei und zur\u00fcck bis zum Jugendhaus in der Solitudestra\u00dfe &#8211; dort warten ein Pumptrack und Erfrischungen auf die Kinder.<\/p>\n\n\n\n<div style=\"height:43px\" aria-hidden=\"true\" class=\"wp-block-spacer\"><\/div>\n\n\n\n<h2 class=\"wp-block-heading has-vivid-green-cyan-color has-text-color\">04.10.2020<\/h2>\n\n\n\n<p>&#8230; und ganz im Sinne der &#8218;Fahrradoffensive Weilimdorf&#8216; unterst\u00fctzt der Ortsverband von B\u00fcndnis 90\/Die Gr\u00fcnen diese Veranstaltung:<\/p>\n\n\n\n<figure class=\"wp-block-gallery has-nested-images columns-default is-cropped wp-block-gallery-2 is-layout-flex wp-block-gallery-is-layout-flex\">\n<figure class=\"wp-block-image size-large\"><img loading=\"lazy\" decoding=\"async\" width=\"800\" height=\"1128\" data-id=\"899\" src=\"https:\/\/www.gruene-ov-stuttgart.de\/weilimdorf\/wp-content\/uploads\/2020\/09\/Kiddical_Mass_Plakat_Weilimdorf_A4-01-800x1128.jpg\" alt=\"\" class=\"wp-image-899\" srcset=\"https:\/\/www.gruene-ov-stuttgart.de\/weilimdorf\/wp-content\/uploads\/2020\/09\/Kiddical_Mass_Plakat_Weilimdorf_A4-01-800x1128.jpg 800w, https:\/\/www.gruene-ov-stuttgart.de\/weilimdorf\/wp-content\/uploads\/2020\/09\/Kiddical_Mass_Plakat_Weilimdorf_A4-01-400x564.jpg 400w, https:\/\/www.gruene-ov-stuttgart.de\/weilimdorf\/wp-content\/uploads\/2020\/09\/Kiddical_Mass_Plakat_Weilimdorf_A4-01-768x1083.jpg 768w, https:\/\/www.gruene-ov-stuttgart.de\/weilimdorf\/wp-content\/uploads\/2020\/09\/Kiddical_Mass_Plakat_Weilimdorf_A4-01-1089x1536.jpg 1089w, https:\/\/www.gruene-ov-stuttgart.de\/weilimdorf\/wp-content\/uploads\/2020\/09\/Kiddical_Mass_Plakat_Weilimdorf_A4-01-106x150.jpg 106w, https:\/\/www.gruene-ov-stuttgart.de\/weilimdorf\/wp-content\/uploads\/2020\/09\/Kiddical_Mass_Plakat_Weilimdorf_A4-01.jpg 1252w\" sizes=\"auto, (max-width: 800px) 100vw, 800px\" \/><\/figure>\n\n\n\n<figure class=\"wp-block-image size-large\"><img loading=\"lazy\" decoding=\"async\" width=\"682\" height=\"915\" data-id=\"898\" src=\"https:\/\/www.gruene-ov-stuttgart.de\/weilimdorf\/wp-content\/uploads\/2020\/09\/Kiddical_Mass_Flyer_Weilimdorf_hinten.jpg\" alt=\"\" class=\"wp-image-898\" srcset=\"https:\/\/www.gruene-ov-stuttgart.de\/weilimdorf\/wp-content\/uploads\/2020\/09\/Kiddical_Mass_Flyer_Weilimdorf_hinten.jpg 682w, https:\/\/www.gruene-ov-stuttgart.de\/weilimdorf\/wp-content\/uploads\/2020\/09\/Kiddical_Mass_Flyer_Weilimdorf_hinten-400x537.jpg 400w, https:\/\/www.gruene-ov-stuttgart.de\/weilimdorf\/wp-content\/uploads\/2020\/09\/Kiddical_Mass_Flyer_Weilimdorf_hinten-112x150.jpg 112w\" sizes=\"auto, (max-width: 682px) 100vw, 682px\" \/><\/figure>\n<\/figure>\n\n\n\n<p>Weilimdorf braucht mehr Pl\u00e4tze zum Abstellen von R\u00e4dern, braucht temporeduzierte Stra\u00dfen und sicherere Radwege.<br>Der Bezirksbeirat hat endlich mehrheitlich beschlossen, dass auf der Solitudestra\u00dfe, auf der Pforzheimer- und der Giebelstra\u00dfe das Tempo reduziert werden soll. Die Einrichtung einer ersten Fahrradstra\u00dfe auf der Nebenfahrbahn der Pforzheimer Stra\u00dfe zwischen Kolberger- und Goslarer Stra\u00dfe wurde im Bezirksbeirat zun\u00e4chst einmal abgelehnt, soll aber nochmals er\u00f6rtert werden, dann unter Einbeziehung der Fahrradoffensive Weilimdorf. Um die Errichtung von Fahrradabstellanlagen wird gegenw\u00e4rtig im Bezirksbeirat heftig gerungen. So lehnte der Bezirksbeirat z.B. mehrheitlich die Umwidmung eines Parkplatzes vor dem &#8218;Naturgut&#8216; in der Pforzheimer Stra\u00dfe ab, obwohl die vielen R\u00e4der&nbsp;vor dem Gesch\u00e4ftseingang&nbsp;die Notwendigkeit hierf\u00fcr deutlich machen.<\/p>\n\n\n\n<div style=\"height:64px\" aria-hidden=\"true\" class=\"wp-block-spacer\"><\/div>\n\n\n\n<p>Dar\u00fcber hinaus haben wir die Belange und Interessen von jungen Menschen im Blick &#8211; Ansprechpartner ist der Jugendrat Weilimdorf.<\/p>\n\n\n\n<p>Der Link dazu:<\/p>\n\n\n\n<p><a href=\"https:\/\/jugendrat.stuttgart.de\/item\/show\/445415\">https:\/\/jugendrat.stuttgart.de\/item\/show\/445415<\/a><\/p>\n\n\n\n<div style=\"height:100px\" aria-hidden=\"true\" class=\"wp-block-spacer\"><\/div>\n\n\n\n<p>Und schlie\u00dflich hat der Verein Chloroplast nat\u00fcrlich auch die Sympathien der Weilimdorfer Gr\u00fcnen &#8211; sein sozial-integratives und kulturf\u00f6rderndes Konzept, eingebunden in \u201aUrban Gardening\u2018, findet unsere volle Unterst\u00fctzung.<\/p>\n\n\n\n<p><\/p>\n\n\n\n<p>Hier der Link:<\/p>\n\n\n\n<p><a href=\"https:\/\/www.chloroplast.eu\">https:\/\/www.chloroplast.eu<\/a><\/p>\n\n\n\n<div style=\"height:50px\" aria-hidden=\"true\" class=\"wp-block-spacer\"><\/div>\n\n\n\n<p>Anfang 2024 wurde die Initiative &#8222;WEIL f\u00fcr Demokratie &amp; Zusammenhalt&#8220; ins Leben gerufen &#8211; unser Ortsverband war Starthelfer und unterst\u00fctzt das partei- und konfessions\u00fcbergreifende B\u00fcndnis von Weilimdorfer B\u00fcrger*innen und Organisationen mit viel eigenem Engagement; am 23. Juli 2025 erfolgte die Gr\u00fcndung als Verein.<\/p>\n\n\n\n<p>Zur Homepage: <a href=\"http:\/\/www.weil-demokratie.de\">http:\/\/www.weil-demokratie.de<\/a><\/p>\n\n\n\n<p><\/p>\n\n\n\n<p><\/p>\n","protected":false},"excerpt":{"rendered":"<p>Zur Gr\u00fcnen-DNA geh\u00f6ren die Energie- und Verkehrspolitik. Deshalb ist unser Ortsverband im regen Austausch mit der &#8222;Energieoffensive Weilimdorf&#8220; und der &#8222;Radoffensive Weilimdorf&#8220; &#8211; wir verstehen uns als gegenseitige Impulsgeber. Hier [&hellip;]<\/p>\n","protected":false},"author":2,"featured_media":0,"parent":0,"menu_order":4,"comment_status":"closed","ping_status":"closed","template":"","meta":{"footnotes":""},"class_list":["post-30","page","type-page","status-publish","hentry"],"_links":{"self":[{"href":"https:\/\/www.gruene-ov-stuttgart.de\/weilimdorf\/wp-json\/wp\/v2\/pages\/30","targetHints":{"allow":["GET"]}}],"collection":[{"href":"https:\/\/www.gruene-ov-stuttgart.de\/weilimdorf\/wp-json\/wp\/v2\/pages"}],"about":[{"href":"https:\/\/www.gruene-ov-stuttgart.de\/weilimdorf\/wp-json\/wp\/v2\/types\/page"}],"author":[{"embeddable":true,"href":"https:\/\/www.gruene-ov-stuttgart.de\/weilimdorf\/wp-json\/wp\/v2\/users\/2"}],"replies":[{"embeddable":true,"href":"https:\/\/www.gruene-ov-stuttgart.de\/weilimdorf\/wp-json\/wp\/v2\/comments?post=30"}],"version-history":[{"count":31,"href":"https:\/\/www.gruene-ov-stuttgart.de\/weilimdorf\/wp-json\/wp\/v2\/pages\/30\/revisions"}],"predecessor-version":[{"id":4273,"href":"https:\/\/www.gruene-ov-stuttgart.de\/weilimdorf\/wp-json\/wp\/v2\/pages\/30\/revisions\/4273"}],"wp:attachment":[{"href":"https:\/\/www.gruene-ov-stuttgart.de\/weilimdorf\/wp-json\/wp\/v2\/media?parent=30"}],"curies":[{"name":"wp","href":"https:\/\/api.w.org\/{rel}","templated":true}]}}